{"id":1167,"date":"2022-07-22T07:59:01","date_gmt":"2022-07-22T07:59:01","guid":{"rendered":"https:\/\/wahy.visibly.sk\/?page_id=1167"},"modified":"2022-07-22T07:59:38","modified_gmt":"2022-07-22T07:59:38","slug":"ochrana-osobnych-udajov","status":"publish","type":"page","link":"https:\/\/wahy.eu\/en\/ochrana-osobnych-udajov\/","title":{"rendered":"Privacy"},"content":{"rendered":"<p>Ochranu osobn\u00fdch \u00fadajov berieme v\u00e1\u017ene. Je pre n\u00e1s d\u00f4le\u017eit\u00e9, aby va\u0161e osobn\u00e9 \u00fadaje boli v bezpe\u010d\u00ed. V\u0161etky osobn\u00e9 \u00fadaje, ktor\u00e9 s\u00fa z\u00edskavan\u00e9 po\u010das va\u0161ej n\u00e1v\u0161tevy na na\u0161ich str\u00e1nkach s\u00fa spracov\u00e1van\u00e9 v s\u00falade so z\u00e1konom \u010d. 122\/2013 Z.z. (\u010falej len \u201ez\u00e1kon o ochrane osobn\u00fdch \u00fadajov\u201c) ako aj v s\u00falade s platnou eur\u00f3pskou legislat\u00edvou. V\u0161etky \u00fadaje s\u00fa spracov\u00e1van\u00e9 v s\u00falade s GDPR a z\u00e1kona 18\/2018 Z.z..<\/p>\n\n\n\n<h2>Ak\u00e9 \u00fadaje uchov\u00e1vame?<\/h2>\n\n\n\n<p>Pri vytvoren\u00ed objedn\u00e1vky na&nbsp; na\u0161ich str\u00e1nok zaznamen\u00e1vame IP adresu, ktor\u00fa v\u00e1m pridelil v\u00e1\u0161 poskytovate\u013e internetu. Tieto inform\u00e1cie s\u00fa pova\u017eovan\u00e9 za osobn\u00fd \u00fadaj, ke\u010f\u017ee ide o V\u00e1\u0161 online identifik\u00e1tor, a preto s t\u00fdmto \u00fadajom naklad\u00e1me so zv\u00fd\u0161enou starostlivos\u0165ou.<\/p>\n\n\n\n<p>Va\u0161e osobn\u00e9 \u00fadaje zad\u00e1vate dobrovo\u013ene do r\u00f4znych formul\u00e1rov: registra\u010dn\u00e9 formul\u00e1re, kontaktn\u00e9 formul\u00e1re, objedn\u00e1vkov\u00e9 formul\u00e1re, a pod. Naj\u010dastej\u0161ie uchov\u00e1vame tieto osobn\u00e9 \u00fadaje: meno, adresa, e- mailov\u00e1 adresa. Va\u0161e osobn\u00e9 \u00fadaje s\u00fa pou\u017e\u00edvan\u00e9 na \u00fa\u010del poskytnutia plnenia zo spotrebite\u013eskej zmluvy a da\u013e\u0161ich slu\u017eieb o ktor\u00e9 ste po\u017eiadali.<\/p>\n\n\n\n<p>Ak chcete vedie\u0165, ktor\u00e9 konkr\u00e9tne \u00fadaje uchov\u00e1vame k va\u0161ej osobe, radi v\u00e1m ich na po\u017eiadanie poskytneme. Pokia\u013e by i napriek na\u0161ej snahe o aktu\u00e1lnos\u0165 \u00fadajov boli niektor\u00e9 z\u00e1znamy nespr\u00e1vne, radi ich oprav\u00edme.<\/p>\n\n\n\n<h2>Cookies<\/h2>\n\n\n\n<p>Pou\u017e\u00edvame cookies k tomu, aby sme zistili preferencie n\u00e1v\u0161tevn\u00edkov web str\u00e1nok a vedeli na z\u00e1klade toho prisp\u00f4sobi\u0165 na\u0161u ponuku na mieru konkr\u00e9tnemu n\u00e1v\u0161tevn\u00edkovi. Cookies sa m\u00f4\u017eu pou\u017e\u00edva\u0165 k tomu, aby sme zistili, \u010di u\u017e ste na\u0161e str\u00e1nky z v\u00e1\u0161ho po\u010d\u00edta\u010da niekedy nav\u0161t\u00edvili.<\/p>\n\n\n\n<p>Cookies s\u00fa textov\u00e9 s\u00fabory, ktor\u00e9 ulo\u017e\u00ed v\u00e1\u0161 internetov\u00fd prehliada\u010d na v\u00e1\u0161 disk v po\u010d\u00edta\u010di. Ak si neprajete cookies uklada\u0165, m\u00f4\u017eete ich deaktivova\u0165 vo va\u0161om internetovom prehliada\u010di, vzh\u013eadom na skuto\u010dnos\u0165, \u017ee ide o V\u00e1\u0161 osobn\u00fd \u00fadaj.<\/p>\n\n\n\n<p>Okrem toho m\u00e1te mo\u017enos\u0165 v internetovom prehliada\u010di vyu\u017ei\u0165 tzv. re\u017eim inkognito (pri ktorom sa neukladaj\u00fa \u017eiadne cookies) alebo zak\u00e1za\u0165 javascript. Ukladanie cookies (ako aj hist\u00f3rie prehliadania) si m\u00f4\u017eete vo va\u0161om prehliada\u010di zak\u00e1za\u0165, alebo pravidelne vymaz\u00e1va\u0165 priamo z nastaven\u00ed prehliada\u010da, pr\u00edpadne pomocou na to ur\u010den\u00e9ho bezplatn\u00e9ho softv\u00e9ru.<\/p>\n\n\n\n<p>Viac o spr\u00e1ve cookies si m\u00f4\u017eete pre\u010d\u00edta\u0165 aj tu:&nbsp;<a href=\"https:\/\/support.google.com\/chrome\/answer\/95647?co=GENIE.Platform%3DDesktop&amp;%3Bhl=sk\">Google Chrome&nbsp;<\/a><a href=\"https:\/\/support.mozilla.org\/sk\/kb\/Spr%C3%A1va%20cookies\">Mozilla Firefox&nbsp;<\/a><a href=\"https:\/\/support.microsoft.com\/sk-sk\/help\/17442\/windows-internet-explorer-delete-manage-cookies\">Internet Explorer<\/a><\/p>\n\n\n\n<h2>Na \u010do tieto inform\u00e1cie pou\u017e\u00edvame?<\/h2>\n\n\n\n<p>Inform\u00e1cie, ktor\u00e9 spracov\u00e1vame m\u00f4\u017eu by\u0165 pou\u017eit\u00e9 na niektor\u00fa z ni\u017e\u0161ie uveden\u00fdch \u010dinnost\u00ed:<\/p>\n\n\n\n<p>Presonalizovanie ponuky \u2013 Va\u0161e inform\u00e1cie n\u00e1m pom\u00e1haj\u00fa prisp\u00f4sobi\u0165 na\u0161u ponuku va\u0161im individu\u00e1lnym potreb\u00e1m.<br>Zlep\u0161enie web str\u00e1nky \u2013 pravidelne vylep\u0161ujeme na\u0161u webov\u00fa str\u00e1nku na z\u00e1klade inform\u00e1ci\u00ed a sp\u00e4tnej v\u00e4zby, ktor\u00fa n\u00e1m d\u00e1vate.<br>Vylep\u0161enie z\u00e1kazn\u00edckej podpory \u2013 Va\u0161e inform\u00e1cie n\u00e1m pom\u00e1haj\u00fa efekt\u00edvne odpoveda\u0165 na va\u0161e po\u017eiadavky a potreby.<br>Na odosielanie emailov \u2013 emailov\u00e1 adresa, ktor\u00fa ste zadali na na\u0161ich str\u00e1nkach, m\u00f4\u017ee by\u0165 pou\u017eit\u00e1 na odosielanie inform\u00e1ci\u00ed a aktualiz\u00e1ci\u00ed t\u00fdkaj\u00facej sa Va\u0161ej objedn\u00e1vky.<\/p>\n\n\n\n<p>Va\u0161u spokojnos\u0165 s n\u00e1kupom zis\u0165ujeme prostredn\u00edctvom e-mailov\u00fdch dotazn\u00edkov v r\u00e1mci programu Overen\u00e9 z\u00e1kazn\u00edkmi, do ktor\u00e9ho je n\u00e1\u0161 e-shop zapojen\u00fd.Tie v\u00e1m zasielame zaka\u017ed\u00fdm, ke\u010f u n\u00e1s nak\u00fapite, ak v zmysle \u00a7 62 odseku 3 z\u00e1kona \u010d. 351\/2011 Z.z. o elektronick\u00fdch komunik\u00e1ci\u00e1ch neodmietnete zasielanie na\u0161ich obchodn\u00fdch ozn\u00e1men\u00ed alebo neodvol\u00e1te u\u017e udelen\u00fd s\u00fahlas. Pre zasielanie dotazn\u00edkov, vyhodnocovanie va\u0161ej sp\u00e4tnej v\u00e4zby a anal\u00fdzy n\u00e1\u0161ho trhov\u00e9ho postavenia vyu\u017e\u00edvame spracovate\u013ea, ktor\u00fdm je prev\u00e1dzkovate\u013e port\u00e1lu Heureka.sk; tomu pre tieto \u00fa\u010dely m\u00f4\u017eete odovzd\u00e1va\u0165 inform\u00e1cie o zak\u00fapenom tovare a va\u0161u e-mailov\u00fa adresu<\/p>\n\n\n\n<h2>Ste v bezpe\u010d\u00ed<\/h2>\n\n\n\n<p>Spr\u00e1vca prehlasuje, \u017ee prijal v\u0161etky technick\u00e9 a organiza\u010dn\u00e9 opatrenia k zabezpe\u010deniu osobn\u00fdch \u00fadajov. Spr\u00e1vca prehlasuje, \u017ee k osobn\u00fdm \u00fadajom maj\u00fa pr\u00edstup len im poveren\u00e9 osoby.<\/p>\n\n\n\n<h2>Odkazy tret\u00edch str\u00e1n<\/h2>\n\n\n\n<p>Niekedy na na\u0161ich str\u00e1nkach odkazujeme na slu\u017eby a produkty tret\u00edch str\u00e1n. Webstr\u00e1nky t\u00fdchto tret\u00edch str\u00e1n maj\u00fa vlastn\u00e9 podmienky ochrany osobn\u00fdch \u00fadajov a s\u00fa nez\u00e1visl\u00e9 na na\u0161ich. Z toho d\u00f4vodu nenesieme \u017eiadnu pr\u00e1vnu zodpovednos\u0165 za obsah a aktivity t\u00fdchto tret\u00edch str\u00e1n. I napriek tomu je na\u0161ou snahou udr\u017ea\u0165 vysok\u00fa \u00farove\u0148 bezpe\u010dnosti. Preto, ak m\u00e1te ak\u00e9ko\u013evek podozrenie na nekal\u00e9 chovanie t\u00fdchto tret\u00edchstr\u00e1n, kontaktujte n\u00e1s na\u0161u e-mailov\u00fa adresu uveden\u00fa na na\u0161ej str\u00e1nke.<\/p>\n\n\n\n<p>\u010eakujeme.<\/p>\n\n\n\n<h2>Neposkytujeme Va\u0161e \u00fadaje tret\u00edm stran\u00e1m<\/h2>\n\n\n\n<p>Nepred\u00e1vame, neobchodujeme ani \u017eiadnym in\u00fdm sp\u00f4sobom neposkytujeme Va\u0161e osobn\u00e9 \u00fadaje tret\u00edm stran\u00e1m. V\u00fdnimkou s\u00fa overen\u00ed a spo\u013eahliv\u00ed partneri, ktor\u00ed n\u00e1m asistuj\u00fa pri vytv\u00e1ran\u00ed web str\u00e1nok, spolupracuj\u00fa na na\u0161ich projektoch a obsluhuj\u00fa V\u00e1s.<\/p>\n\n\n\n<p>Odovzdanie va\u0161ich osobn\u00fdch \u00fadajov \u0161t\u00e1tnym organiz\u00e1ci\u00e1m je len na z\u00e1klade riadne vystaven\u00fdch a pr\u00e1voplatn\u00fdch pr\u00e1vnych rozhodnut\u00edv s\u00falade so z\u00e1konom Slovenskej republiky.<\/p>\n\n\n\n<h2><\/h2>\n\n\n\n<h2>Mo\u017enos\u0165 odhl\u00e1senia<\/h2>\n\n\n\n<p>Va\u0161e osobn\u00e9 \u00fadaje pou\u017e\u00edvame k tomu, aby sme V\u00e1s mohli informova\u0165 o na\u0161ich projektoch, slu\u017eb\u00e1ch a produktoch. Va\u0161a \u00fa\u010das\u0165 je samozrejme dobrovo\u013en\u00e1. Pokia\u013e by ste s prij\u00edman\u00edm t\u00fdchto inform\u00e1ci\u00ed nes\u00fahlasili, m\u00f4\u017eete n\u00e1m to kedyko\u013evek ozn\u00e1mi\u0165, aby sme va\u0161e \u00fadaje zablokovali.<\/p>\n\n\n\n<h2><\/h2>\n\n\n\n<h2>Va\u0161e pr\u00e1va<\/h2>\n\n\n\n<p>Ako dotknut\u00e1 osoba, t. j. osoba, ktorej osobnej \u00fadaje sa spracov\u00e1vaj\u00fa \u2013 m\u00e1te pr\u00e1vo by\u0165 informovan\u00fd o \u00fadajoch prev\u00e1dzkovate\u013ea \u2013 t.j. osoby, ktor\u00e1 Va\u0161e \u00fadaje spracov\u00e1va a zodpovednej osoby.<\/p>\n\n\n\n<p>Prev\u00e1dzkovate\u013eom webov\u00e9 port\u00e1lu na \u00fa\u010dely spracovania \u00fadajov je:<\/p>\n\n\n\n<p>Wahy, s.r.o.<\/p>\n\n\n\n<p>Cesta na Kr\u00e1\u013eovej 3171\/62 <br>960 01 Zvolen<br><br><strong>I\u010cO: <\/strong>46259201<\/p>\n\n\n\n<p><strong>DI\u010c<\/strong>: 2023300136<\/p>\n\n\n\n<p>Osobn\u00e9 \u00fadaje s\u00fa sprac\u00favan\u00e9 na \u00fa\u010dely poskytnutia plnenia zo spotrebite\u013eskej zmluvy a na \u00fa\u010dely&nbsp;marketingu, ako bolo vy\u0161\u0161ie uveden\u00e9. Prev\u00e1dzkovate\u013e informa\u010dn\u00e9ho&nbsp; syst\u00e9mu&nbsp; vyhlasuje, \u017ee nedoch\u00e1dza k prenosu osobn\u00fdch \u00fadajov do tret\u00edch kraj\u00edn. Osobn\u00e9 \u00fadaje sa uchov\u00e1vaj\u00fa na uveden\u00e9 \u00fa\u010dely po dobu 10 rokov, ak osobitn\u00e9 pr\u00e1vne predpisy neustanovuj\u00fa inak alebo pok\u00fdm svoj s\u00fahlas neodvol\u00e1te. V \u010dasovom obdob\u00ed od poskytnutia s\u00fahlasu do jeho odvolania je spracovanie Va\u0161ich osobn\u00fdch \u00fadajov z\u00e1konn\u00e9, aj ke\u010f ste svoj s\u00fahlas po jeho poskytnut\u00ed odvolali.<\/p>\n\n\n\n<p>Ako dotknut\u00e1 osoba m\u00e1te pr\u00e1vo na opravu poskytnut\u00fdch \u00fadajov v pr\u00edpade v\u00fdskytu ak\u00fdchko\u013evek nespr\u00e1vnosti. Po dosiahnut\u00ed \u00fa\u010delu poskytnutia osobn\u00fdch \u00fadajov \u2013 t.j. po poskytnut\u00ed plnenia zo spotrebite\u013eskej zmluvy m\u00e1te \u201epr\u00e1vo&nbsp; na zabudnutie\u201c = pr\u00e1vo na vymazanie poskytnut\u00fdch \u00fadajov. Pr\u00e1vo na vymazanie poskytnut\u00fdch osobn\u00fdch \u00fadajov sa uplatn\u00ed aj v pr\u00edpade, ak odvol\u00e1te svoj s\u00fahlas so sprac\u00favan\u00edm Va\u0161ich osobn\u00fdch \u00fadajov.<\/p>\n\n\n\n<p>Ako dotknut\u00e1 osoba m\u00e1te pr\u00e1vo aj po\u017eadova\u0165 obmedzenie sprac\u00favania Va\u0161ich osobn\u00fdch \u00fadajov, a to v pr\u00edpade ak, napadnete spr\u00e1vnos\u0165 osobn\u00fdch \u00fadajov, a to po\u010das obdobia preverovania spr\u00e1vnosti \u00fadajov; ak je sprac\u00favanie osobn\u00fdch \u00fadajov nez\u00e1konn\u00e9 a na miesto vymazania \u00fadajov&nbsp;budete po\u017eadova\u0165 obmedzenie ich sprac\u00favania a tie\u017e ak prev\u00e1dzkovate\u013e nepotrebuje Va\u0161e osobn\u00e9 \u00fadaje (\u00fa\u010del \u2013 poskytnutie plnenia zo spotrebite\u013eskej zmluvy\u2013 bol splnen\u00fd), ale potrebujete ich pr\u00e1ve Vy na preuk\u00e1zanie, pr\u00edp. obhajovanie Va\u0161ich pr\u00e1vnych n\u00e1rokov.<\/p>\n\n\n\n<p>Prev\u00e1dzkovate\u013e sa zav\u00e4zuje ozn\u00e1mi\u0165 V\u00e1m ak\u00fako\u013evek zmenu, opravu resp. vymazanie Va\u0161ich osobn\u00fdch \u00fadajov. Z\u00e1rove\u0148 m\u00e1te pr\u00e1vo po\u017eadova\u0165 aj prenos osobn\u00fdch \u00fadajov k druh\u00e9mu prev\u00e1dzkovate\u013eovi, ktor\u00e9ho \u00fadaje n\u00e1m p\u00edsomne ozn\u00e1mite.<\/p>\n\n\n\n<p>Dozorn\u00fdm org\u00e1nom nad sprac\u00favan\u00edm osobn\u00fdch \u00fadajov je \u00darad na ochranu osobn\u00fdch \u00fadajov Slovenskej republiky.<\/p>\n\n\n\n<h2>Zmeny v podmienkach o ochrane osobn\u00fdch \u00fadajov<\/h2>\n\n\n\n<p>Ak sa rozhodneme zmeni\u0165 podmienky o ochrane osobn\u00fdch \u00fadajov, uverejn\u00edme ich na tejto str\u00e1nke. Tieto podmienky s\u00fa platn\u00e9 od 24.5.2018.<\/p>\n\n\n\n<h2>Contact us<\/h2>\n\n\n\n<p>Ak m\u00e1te ak\u00e9ko\u013evek ot\u00e1zky alebo podnety, nap\u00ed\u0161te n\u00e1m.<\/p>","protected":false},"excerpt":{"rendered":"<p>Ochranu osobn\u00fdch \u00fadajov berieme v\u00e1\u017ene. Je pre n\u00e1s d\u00f4le\u017eit\u00e9, aby va\u0161e osobn\u00e9 \u00fadaje boli v bezpe\u010d\u00ed. V\u0161etky osobn\u00e9 \u00fadaje, ktor\u00e9 s\u00fa z\u00edskavan\u00e9 po\u010das va\u0161ej n\u00e1v\u0161tevy na na\u0161ich str\u00e1nkach s\u00fa spracov\u00e1van\u00e9 v s\u00falade so z\u00e1konom \u010d. 122\/2013 Z.z. (\u010falej len \u201ez\u00e1kon&hellip;<\/p>","protected":false},"author":1,"featured_media":0,"parent":0,"menu_order":0,"comment_status":"closed","ping_status":"closed","template":"","meta":{"_monsterinsights_skip_tracking":false,"_monsterinsights_sitenote_active":false,"_monsterinsights_sitenote_note":"","_monsterinsights_sitenote_category":0},"yoast_head":"<!-- This site is optimized with the Yoast SEO plugin v19.2 - https:\/\/yoast.com\/wordpress\/plugins\/seo\/ -->\n<title>Ochrana osobn\u00fdch \u00fadajov - Wahy<\/title>\n<meta name=\"robots\" content=\"index, follow, max-snippet:-1, max-image-preview:large, max-video-preview:-1\" \/>\n<link rel=\"canonical\" href=\"https:\/\/wahy.eu\/en\/ochrana-osobnych-udajov\/\" \/>\n<meta property=\"og:locale\" content=\"en_US\" \/>\n<meta property=\"og:type\" content=\"article\" \/>\n<meta property=\"og:title\" content=\"Ochrana osobn\u00fdch \u00fadajov - Wahy\" \/>\n<meta property=\"og:description\" content=\"Ochranu osobn\u00fdch \u00fadajov berieme v\u00e1\u017ene. Je pre n\u00e1s d\u00f4le\u017eit\u00e9, aby va\u0161e osobn\u00e9 \u00fadaje boli v bezpe\u010d\u00ed. V\u0161etky osobn\u00e9 \u00fadaje, ktor\u00e9 s\u00fa z\u00edskavan\u00e9 po\u010das va\u0161ej n\u00e1v\u0161tevy na na\u0161ich str\u00e1nkach s\u00fa spracov\u00e1van\u00e9 v s\u00falade so z\u00e1konom \u010d. 122\/2013 Z.z. (\u010falej len \u201ez\u00e1kon&hellip;\" \/>\n<meta property=\"og:url\" content=\"https:\/\/wahy.eu\/en\/ochrana-osobnych-udajov\/\" \/>\n<meta property=\"og:site_name\" content=\"Wahy\" \/>\n<meta property=\"article:modified_time\" content=\"2022-07-22T07:59:38+00:00\" \/>\n<meta name=\"author\" content=\"david.m\" \/>\n<meta name=\"twitter:card\" content=\"summary_large_image\" \/>\n<meta name=\"twitter:label1\" content=\"Est. reading time\" \/>\n\t<meta name=\"twitter:data1\" content=\"6 minutes\" \/>\n<script type=\"application\/ld+json\" class=\"yoast-schema-graph\">{\"@context\":\"https:\/\/schema.org\",\"@graph\":[{\"@type\":\"WebSite\",\"@id\":\"https:\/\/wahy.eu\/#website\",\"url\":\"https:\/\/wahy.eu\/\",\"name\":\"Wahy\",\"description\":\"\",\"potentialAction\":[{\"@type\":\"SearchAction\",\"target\":{\"@type\":\"EntryPoint\",\"urlTemplate\":\"https:\/\/wahy.eu\/?s={search_term_string}\"},\"query-input\":\"required name=search_term_string\"}],\"inLanguage\":\"en-US\"},{\"@type\":\"WebPage\",\"@id\":\"https:\/\/wahy.eu\/ochrana-osobnych-udajov\/#webpage\",\"url\":\"https:\/\/wahy.eu\/ochrana-osobnych-udajov\/\",\"name\":\"Ochrana osobn\u00fdch \u00fadajov - Wahy\",\"isPartOf\":{\"@id\":\"https:\/\/wahy.eu\/#website\"},\"datePublished\":\"2022-07-22T07:59:01+00:00\",\"dateModified\":\"2022-07-22T07:59:38+00:00\",\"breadcrumb\":{\"@id\":\"https:\/\/wahy.eu\/ochrana-osobnych-udajov\/#breadcrumb\"},\"inLanguage\":\"en-US\",\"potentialAction\":[{\"@type\":\"ReadAction\",\"target\":[\"https:\/\/wahy.eu\/ochrana-osobnych-udajov\/\"]}]},{\"@type\":\"BreadcrumbList\",\"@id\":\"https:\/\/wahy.eu\/ochrana-osobnych-udajov\/#breadcrumb\",\"itemListElement\":[{\"@type\":\"ListItem\",\"position\":1,\"name\":\"Home\",\"item\":\"https:\/\/wahy.eu\/\"},{\"@type\":\"ListItem\",\"position\":2,\"name\":\"Ochrana osobn\u00fdch \u00fadajov\"}]}]}<\/script>\n<!-- \/ Yoast SEO plugin. -->","yoast_head_json":{"title":"Ochrana osobn\u00fdch \u00fadajov - Wahy","robots":{"index":"index","follow":"follow","max-snippet":"max-snippet:-1","max-image-preview":"max-image-preview:large","max-video-preview":"max-video-preview:-1"},"canonical":"https:\/\/wahy.eu\/en\/ochrana-osobnych-udajov\/","og_locale":"en_US","og_type":"article","og_title":"Ochrana osobn\u00fdch \u00fadajov - Wahy","og_description":"Ochranu osobn\u00fdch \u00fadajov berieme v\u00e1\u017ene. Je pre n\u00e1s d\u00f4le\u017eit\u00e9, aby va\u0161e osobn\u00e9 \u00fadaje boli v bezpe\u010d\u00ed. V\u0161etky osobn\u00e9 \u00fadaje, ktor\u00e9 s\u00fa z\u00edskavan\u00e9 po\u010das va\u0161ej n\u00e1v\u0161tevy na na\u0161ich str\u00e1nkach s\u00fa spracov\u00e1van\u00e9 v s\u00falade so z\u00e1konom \u010d. 122\/2013 Z.z. (\u010falej len \u201ez\u00e1kon&hellip;","og_url":"https:\/\/wahy.eu\/en\/ochrana-osobnych-udajov\/","og_site_name":"Wahy","article_modified_time":"2022-07-22T07:59:38+00:00","author":"david.m","twitter_card":"summary_large_image","twitter_misc":{"Est. reading time":"6 minutes"},"schema":{"@context":"https:\/\/schema.org","@graph":[{"@type":"WebSite","@id":"https:\/\/wahy.eu\/#website","url":"https:\/\/wahy.eu\/","name":"Wahy","description":"","potentialAction":[{"@type":"SearchAction","target":{"@type":"EntryPoint","urlTemplate":"https:\/\/wahy.eu\/?s={search_term_string}"},"query-input":"required name=search_term_string"}],"inLanguage":"en-US"},{"@type":"WebPage","@id":"https:\/\/wahy.eu\/ochrana-osobnych-udajov\/#webpage","url":"https:\/\/wahy.eu\/ochrana-osobnych-udajov\/","name":"Ochrana osobn\u00fdch \u00fadajov - Wahy","isPartOf":{"@id":"https:\/\/wahy.eu\/#website"},"datePublished":"2022-07-22T07:59:01+00:00","dateModified":"2022-07-22T07:59:38+00:00","breadcrumb":{"@id":"https:\/\/wahy.eu\/ochrana-osobnych-udajov\/#breadcrumb"},"inLanguage":"en-US","potentialAction":[{"@type":"ReadAction","target":["https:\/\/wahy.eu\/ochrana-osobnych-udajov\/"]}]},{"@type":"BreadcrumbList","@id":"https:\/\/wahy.eu\/ochrana-osobnych-udajov\/#breadcrumb","itemListElement":[{"@type":"ListItem","position":1,"name":"Home","item":"https:\/\/wahy.eu\/"},{"@type":"ListItem","position":2,"name":"Ochrana osobn\u00fdch \u00fadajov"}]}]}},"_links":{"self":[{"href":"https:\/\/wahy.eu\/en\/wp-json\/wp\/v2\/pages\/1167"}],"collection":[{"href":"https:\/\/wahy.eu\/en\/wp-json\/wp\/v2\/pages"}],"about":[{"href":"https:\/\/wahy.eu\/en\/wp-json\/wp\/v2\/types\/page"}],"author":[{"embeddable":true,"href":"https:\/\/wahy.eu\/en\/wp-json\/wp\/v2\/users\/1"}],"replies":[{"embeddable":true,"href":"https:\/\/wahy.eu\/en\/wp-json\/wp\/v2\/comments?post=1167"}],"version-history":[{"count":1,"href":"https:\/\/wahy.eu\/en\/wp-json\/wp\/v2\/pages\/1167\/revisions"}],"predecessor-version":[{"id":1168,"href":"https:\/\/wahy.eu\/en\/wp-json\/wp\/v2\/pages\/1167\/revisions\/1168"}],"wp:attachment":[{"href":"https:\/\/wahy.eu\/en\/wp-json\/wp\/v2\/media?parent=1167"}],"curies":[{"name":"wp","href":"https:\/\/api.w.org\/{rel}","templated":true}]}}