{"id":1359,"date":"2022-10-23T22:15:27","date_gmt":"2022-10-23T22:15:27","guid":{"rendered":"https:\/\/wahy.visibly.sk\/?post_type=product&#038;p=1359"},"modified":"2026-03-02T12:41:25","modified_gmt":"2026-03-02T12:41:25","slug":"ozdobny-kvetinac-greta","status":"publish","type":"product","link":"https:\/\/wahy.eu\/en\/product\/ozdobny-kvetinac-greta\/","title":{"rendered":"Decorative flower pot Greta"},"content":{"rendered":"","protected":false},"excerpt":{"rendered":"<p>Kvetin\u00e1\u010de s\u00fa vyroben\u00e9 na b\u00e1ze cementu, spevnen\u00e9 sklokeramickou mrie\u017ekou, ru\u010dne vyformovan\u00e9 a doma\u013eovan\u00e9 na skaln\u00fd vzh\u013ead. Ka\u017ed\u00fd v\u00fdrobok je origin\u00e1l. Vlastnos\u0165ami je zrovnate\u013en\u00fd s bet\u00f3nov\u00fdmi kvetin\u00e1\u010dmi, ale jeho\u00a0 hmotnos\u0165 je podstatne ni\u017e\u0161ia. Vhodn\u00fd do interi\u00e9ru ako aj do exteri\u00e9ru. Ozdobn\u00e9 mot\u00edvy je mo\u017en\u00e9 urobi\u0165 aj pod\u013ea vlastn\u00e9ho n\u00e1vrhu (sta\u010d\u00ed posla\u0165 obr\u00e1zok, fotku, link&#8230;),<\/p>","protected":false},"featured_media":1339,"template":"","meta":{"_monsterinsights_skip_tracking":false,"_monsterinsights_sitenote_active":false,"_monsterinsights_sitenote_note":"","_monsterinsights_sitenote_category":0},"product_cat":[67],"product_tag":[],"yoast_head":"<!-- This site is optimized with the Yoast SEO plugin v19.2 - https:\/\/yoast.com\/wordpress\/plugins\/seo\/ -->\n<title>Ozdobn\u00fd kvetin\u00e1\u010d Gr\u00e9ta - Wahy<\/title>\n<meta name=\"robots\" content=\"index, follow, max-snippet:-1, max-image-preview:large, max-video-preview:-1\" \/>\n<link rel=\"canonical\" href=\"https:\/\/wahy.eu\/en\/product\/ozdobny-kvetinac-greta\/\" \/>\n<meta property=\"og:locale\" content=\"en_US\" \/>\n<meta property=\"og:type\" content=\"article\" \/>\n<meta property=\"og:title\" content=\"Ozdobn\u00fd kvetin\u00e1\u010d Gr\u00e9ta - Wahy\" \/>\n<meta property=\"og:description\" content=\"Kvetin\u00e1\u010de s\u00fa vyroben\u00e9 na b\u00e1ze cementu, spevnen\u00e9 sklokeramickou mrie\u017ekou, ru\u010dne vyformovan\u00e9 a doma\u013eovan\u00e9 na skaln\u00fd vzh\u013ead. Ka\u017ed\u00fd v\u00fdrobok je origin\u00e1l. Vlastnos\u0165ami je zrovnate\u013en\u00fd s bet\u00f3nov\u00fdmi kvetin\u00e1\u010dmi, ale jeho\u00a0 hmotnos\u0165 je podstatne ni\u017e\u0161ia. Vhodn\u00fd do interi\u00e9ru ako aj do exteri\u00e9ru. Ozdobn\u00e9 mot\u00edvy je mo\u017en\u00e9 urobi\u0165 aj pod\u013ea vlastn\u00e9ho n\u00e1vrhu (sta\u010d\u00ed posla\u0165 obr\u00e1zok, fotku, link...),\" \/>\n<meta property=\"og:url\" content=\"https:\/\/wahy.eu\/en\/product\/ozdobny-kvetinac-greta\/\" \/>\n<meta property=\"og:site_name\" content=\"Wahy\" \/>\n<meta property=\"article:modified_time\" content=\"2026-03-02T12:41:25+00:00\" \/>\n<meta property=\"og:image\" content=\"https:\/\/wahy.eu\/wp-content\/uploads\/2022\/10\/1-kvetinac-7.jpg\" \/>\n\t<meta property=\"og:image:width\" content=\"1000\" \/>\n\t<meta property=\"og:image:height\" content=\"551\" \/>\n\t<meta property=\"og:image:type\" content=\"image\/jpeg\" \/>\n<meta name=\"author\" content=\"wahysro\" \/>\n<meta name=\"twitter:card\" content=\"summary_large_image\" \/>\n<script type=\"application\/ld+json\" class=\"yoast-schema-graph\">{\"@context\":\"https:\/\/schema.org\",\"@graph\":[{\"@type\":\"WebSite\",\"@id\":\"https:\/\/wahy.eu\/#website\",\"url\":\"https:\/\/wahy.eu\/\",\"name\":\"Wahy\",\"description\":\"\",\"potentialAction\":[{\"@type\":\"SearchAction\",\"target\":{\"@type\":\"EntryPoint\",\"urlTemplate\":\"https:\/\/wahy.eu\/?s={search_term_string}\"},\"query-input\":\"required name=search_term_string\"}],\"inLanguage\":\"en-US\"},{\"@type\":\"ImageObject\",\"inLanguage\":\"en-US\",\"@id\":\"https:\/\/wahy.eu\/product\/ozdobny-kvetinac-greta\/#primaryimage\",\"url\":\"https:\/\/wahy.eu\/wp-content\/uploads\/2022\/10\/1-kvetinac-7.jpg\",\"contentUrl\":\"https:\/\/wahy.eu\/wp-content\/uploads\/2022\/10\/1-kvetinac-7.jpg\",\"width\":1000,\"height\":551,\"caption\":\"Gr\u00e9ta\"},{\"@type\":\"WebPage\",\"@id\":\"https:\/\/wahy.eu\/product\/ozdobny-kvetinac-greta\/#webpage\",\"url\":\"https:\/\/wahy.eu\/product\/ozdobny-kvetinac-greta\/\",\"name\":\"Ozdobn\u00fd kvetin\u00e1\u010d Gr\u00e9ta - Wahy\",\"isPartOf\":{\"@id\":\"https:\/\/wahy.eu\/#website\"},\"primaryImageOfPage\":{\"@id\":\"https:\/\/wahy.eu\/product\/ozdobny-kvetinac-greta\/#primaryimage\"},\"datePublished\":\"2022-10-23T22:15:27+00:00\",\"dateModified\":\"2026-03-02T12:41:25+00:00\",\"breadcrumb\":{\"@id\":\"https:\/\/wahy.eu\/product\/ozdobny-kvetinac-greta\/#breadcrumb\"},\"inLanguage\":\"en-US\",\"potentialAction\":[{\"@type\":\"ReadAction\",\"target\":[\"https:\/\/wahy.eu\/product\/ozdobny-kvetinac-greta\/\"]}]},{\"@type\":\"BreadcrumbList\",\"@id\":\"https:\/\/wahy.eu\/product\/ozdobny-kvetinac-greta\/#breadcrumb\",\"itemListElement\":[{\"@type\":\"ListItem\",\"position\":1,\"name\":\"Home\",\"item\":\"https:\/\/wahy.eu\/\"},{\"@type\":\"ListItem\",\"position\":2,\"name\":\"E-shop\",\"item\":\"https:\/\/wahy.eu\/shop\/\"},{\"@type\":\"ListItem\",\"position\":3,\"name\":\"Ozdobn\u00fd kvetin\u00e1\u010d Gr\u00e9ta\"}]}]}<\/script>\n<!-- \/ Yoast SEO plugin. -->","yoast_head_json":{"title":"Ozdobn\u00fd kvetin\u00e1\u010d Gr\u00e9ta - Wahy","robots":{"index":"index","follow":"follow","max-snippet":"max-snippet:-1","max-image-preview":"max-image-preview:large","max-video-preview":"max-video-preview:-1"},"canonical":"https:\/\/wahy.eu\/en\/product\/ozdobny-kvetinac-greta\/","og_locale":"en_US","og_type":"article","og_title":"Ozdobn\u00fd kvetin\u00e1\u010d Gr\u00e9ta - Wahy","og_description":"Kvetin\u00e1\u010de s\u00fa vyroben\u00e9 na b\u00e1ze cementu, spevnen\u00e9 sklokeramickou mrie\u017ekou, ru\u010dne vyformovan\u00e9 a doma\u013eovan\u00e9 na skaln\u00fd vzh\u013ead. Ka\u017ed\u00fd v\u00fdrobok je origin\u00e1l. Vlastnos\u0165ami je zrovnate\u013en\u00fd s bet\u00f3nov\u00fdmi kvetin\u00e1\u010dmi, ale jeho\u00a0 hmotnos\u0165 je podstatne ni\u017e\u0161ia. Vhodn\u00fd do interi\u00e9ru ako aj do exteri\u00e9ru. Ozdobn\u00e9 mot\u00edvy je mo\u017en\u00e9 urobi\u0165 aj pod\u013ea vlastn\u00e9ho n\u00e1vrhu (sta\u010d\u00ed posla\u0165 obr\u00e1zok, fotku, link...),","og_url":"https:\/\/wahy.eu\/en\/product\/ozdobny-kvetinac-greta\/","og_site_name":"Wahy","article_modified_time":"2026-03-02T12:41:25+00:00","og_image":[{"width":1000,"height":551,"url":"https:\/\/wahy.eu\/wp-content\/uploads\/2022\/10\/1-kvetinac-7.jpg","type":"image\/jpeg"}],"author":"wahysro","twitter_card":"summary_large_image","schema":{"@context":"https:\/\/schema.org","@graph":[{"@type":"WebSite","@id":"https:\/\/wahy.eu\/#website","url":"https:\/\/wahy.eu\/","name":"Wahy","description":"","potentialAction":[{"@type":"SearchAction","target":{"@type":"EntryPoint","urlTemplate":"https:\/\/wahy.eu\/?s={search_term_string}"},"query-input":"required name=search_term_string"}],"inLanguage":"en-US"},{"@type":"ImageObject","inLanguage":"en-US","@id":"https:\/\/wahy.eu\/product\/ozdobny-kvetinac-greta\/#primaryimage","url":"https:\/\/wahy.eu\/wp-content\/uploads\/2022\/10\/1-kvetinac-7.jpg","contentUrl":"https:\/\/wahy.eu\/wp-content\/uploads\/2022\/10\/1-kvetinac-7.jpg","width":1000,"height":551,"caption":"Gr\u00e9ta"},{"@type":"WebPage","@id":"https:\/\/wahy.eu\/product\/ozdobny-kvetinac-greta\/#webpage","url":"https:\/\/wahy.eu\/product\/ozdobny-kvetinac-greta\/","name":"Ozdobn\u00fd kvetin\u00e1\u010d Gr\u00e9ta - Wahy","isPartOf":{"@id":"https:\/\/wahy.eu\/#website"},"primaryImageOfPage":{"@id":"https:\/\/wahy.eu\/product\/ozdobny-kvetinac-greta\/#primaryimage"},"datePublished":"2022-10-23T22:15:27+00:00","dateModified":"2026-03-02T12:41:25+00:00","breadcrumb":{"@id":"https:\/\/wahy.eu\/product\/ozdobny-kvetinac-greta\/#breadcrumb"},"inLanguage":"en-US","potentialAction":[{"@type":"ReadAction","target":["https:\/\/wahy.eu\/product\/ozdobny-kvetinac-greta\/"]}]},{"@type":"BreadcrumbList","@id":"https:\/\/wahy.eu\/product\/ozdobny-kvetinac-greta\/#breadcrumb","itemListElement":[{"@type":"ListItem","position":1,"name":"Home","item":"https:\/\/wahy.eu\/"},{"@type":"ListItem","position":2,"name":"E-shop","item":"https:\/\/wahy.eu\/shop\/"},{"@type":"ListItem","position":3,"name":"Ozdobn\u00fd kvetin\u00e1\u010d Gr\u00e9ta"}]}]}},"_links":{"self":[{"href":"https:\/\/wahy.eu\/en\/wp-json\/wp\/v2\/product\/1359"}],"collection":[{"href":"https:\/\/wahy.eu\/en\/wp-json\/wp\/v2\/product"}],"about":[{"href":"https:\/\/wahy.eu\/en\/wp-json\/wp\/v2\/types\/product"}],"wp:featuredmedia":[{"embeddable":true,"href":"https:\/\/wahy.eu\/en\/wp-json\/wp\/v2\/media\/1339"}],"wp:attachment":[{"href":"https:\/\/wahy.eu\/en\/wp-json\/wp\/v2\/media?parent=1359"}],"wp:term":[{"taxonomy":"product_cat","embeddable":true,"href":"https:\/\/wahy.eu\/en\/wp-json\/wp\/v2\/product_cat?post=1359"},{"taxonomy":"product_tag","embeddable":true,"href":"https:\/\/wahy.eu\/en\/wp-json\/wp\/v2\/product_tag?post=1359"}],"curies":[{"name":"wp","href":"https:\/\/api.w.org\/{rel}","templated":true}]}}