{"id":1362,"date":"2022-10-24T10:01:56","date_gmt":"2022-10-24T10:01:56","guid":{"rendered":"https:\/\/wahy.visibly.sk\/?post_type=product&#038;p=1362"},"modified":"2026-03-02T12:38:16","modified_gmt":"2026-03-02T12:38:16","slug":"dekorativny-kvetinac-velky-500x500x1100mm","status":"publish","type":"product","link":"https:\/\/wahy.eu\/en\/product\/dekorativny-kvetinac-velky-500x500x1100mm\/","title":{"rendered":"Large decorative flower pot 500x500x1000mm"},"content":{"rendered":"","protected":false},"excerpt":{"rendered":"<p>Goods to order - delivery 2-4 weeks<\/p>\n<p>&nbsp;<\/p>\n<p>On all four sides of the flower pot, it is possible to apply a decorative or advertising motif (approx. 30x60 cm) according to your own design or customer ideas. (decorative images also based on photographs, family crests, initials, logos, company advertisements, city signs, etc.)<\/p>\n<p>Kvetin\u00e1\u010de s\u00fa vyroben\u00e9 na b\u00e1ze cementu, spevnen\u00e9 sklo-keramickou mrie\u017ekou, ru\u010dne vyformovan\u00e9 a doma\u013eovan\u00e9 na skaln\u00fd vzh\u013ead. Ka\u017ed\u00fd v\u00fdrobok je origin\u00e1l. Vlastnos\u0165ami je zrovnate\u013en\u00fd s bet\u00f3nov\u00fdmi kvetin\u00e1\u010dmi, ale jeho\u00a0 hmotnos\u0165 je podstatne ni\u017e\u0161ia.<\/p>\n<p>Delivery and assembly is free when buying four or more pieces within Slovakia<\/p>","protected":false},"featured_media":1687,"template":"","meta":{"_monsterinsights_skip_tracking":false,"_monsterinsights_sitenote_active":false,"_monsterinsights_sitenote_note":"","_monsterinsights_sitenote_category":0},"product_cat":[72],"product_tag":[],"yoast_head":"<!-- This site is optimized with the Yoast SEO plugin v19.2 - https:\/\/yoast.com\/wordpress\/plugins\/seo\/ -->\n<title>Dekorat\u00edvny kvetin\u00e1\u010d ve\u013ek\u00fd 500x500x1000mm - Wahy<\/title>\n<meta name=\"description\" content=\"Ve\u013ek\u00fd ozdobn\u00fd, alebo reklamn\u00fd kvetin\u00e1\u010d. Kamenn\u00fd efekt so vzorom pod\u013ea vlastn\u00e9ho n\u00e1vrhu (ozdobn\u00e9 obr\u00e1zky aj pod\u013ea fotografie, erby, log\u00e1, firemn\u00e9 reklamy, mestsk\u00e9 znaky at\u010f.)\" \/>\n<meta name=\"robots\" content=\"index, follow, max-snippet:-1, max-image-preview:large, max-video-preview:-1\" \/>\n<link rel=\"canonical\" href=\"https:\/\/wahy.eu\/en\/product\/dekorativny-kvetinac-velky-500x500x1100mm\/\" \/>\n<meta property=\"og:locale\" content=\"en_US\" \/>\n<meta property=\"og:type\" content=\"article\" \/>\n<meta property=\"og:title\" content=\"Dekorat\u00edvny kvetin\u00e1\u010d ve\u013ek\u00fd 500x500x1000mm - Wahy\" \/>\n<meta property=\"og:description\" content=\"Ve\u013ek\u00fd ozdobn\u00fd, alebo reklamn\u00fd kvetin\u00e1\u010d. Kamenn\u00fd efekt so vzorom pod\u013ea vlastn\u00e9ho n\u00e1vrhu (ozdobn\u00e9 obr\u00e1zky aj pod\u013ea fotografie, erby, log\u00e1, firemn\u00e9 reklamy, mestsk\u00e9 znaky at\u010f.)\" \/>\n<meta property=\"og:url\" content=\"https:\/\/wahy.eu\/en\/product\/dekorativny-kvetinac-velky-500x500x1100mm\/\" \/>\n<meta property=\"og:site_name\" content=\"Wahy\" \/>\n<meta property=\"article:modified_time\" content=\"2026-03-02T12:38:16+00:00\" \/>\n<meta property=\"og:image\" content=\"https:\/\/wahy.eu\/wp-content\/uploads\/2022\/10\/IMG_4756.jpg\" \/>\n\t<meta property=\"og:image:width\" content=\"429\" \/>\n\t<meta property=\"og:image:height\" content=\"640\" \/>\n\t<meta property=\"og:image:type\" content=\"image\/jpeg\" \/>\n<meta name=\"author\" content=\"wahysro\" \/>\n<meta name=\"twitter:card\" content=\"summary_large_image\" \/>\n<script type=\"application\/ld+json\" class=\"yoast-schema-graph\">{\"@context\":\"https:\/\/schema.org\",\"@graph\":[{\"@type\":\"WebSite\",\"@id\":\"https:\/\/wahy.eu\/#website\",\"url\":\"https:\/\/wahy.eu\/\",\"name\":\"Wahy\",\"description\":\"\",\"potentialAction\":[{\"@type\":\"SearchAction\",\"target\":{\"@type\":\"EntryPoint\",\"urlTemplate\":\"https:\/\/wahy.eu\/?s={search_term_string}\"},\"query-input\":\"required name=search_term_string\"}],\"inLanguage\":\"en-US\"},{\"@type\":\"ImageObject\",\"inLanguage\":\"en-US\",\"@id\":\"https:\/\/wahy.eu\/product\/dekorativny-kvetinac-velky-500x500x1100mm\/#primaryimage\",\"url\":\"https:\/\/wahy.eu\/wp-content\/uploads\/2022\/10\/IMG_4756.jpg\",\"contentUrl\":\"https:\/\/wahy.eu\/wp-content\/uploads\/2022\/10\/IMG_4756.jpg\",\"width\":429,\"height\":640,\"caption\":\"sala\u0161\"},{\"@type\":\"WebPage\",\"@id\":\"https:\/\/wahy.eu\/product\/dekorativny-kvetinac-velky-500x500x1100mm\/#webpage\",\"url\":\"https:\/\/wahy.eu\/product\/dekorativny-kvetinac-velky-500x500x1100mm\/\",\"name\":\"Dekorat\u00edvny kvetin\u00e1\u010d ve\u013ek\u00fd 500x500x1000mm - Wahy\",\"isPartOf\":{\"@id\":\"https:\/\/wahy.eu\/#website\"},\"primaryImageOfPage\":{\"@id\":\"https:\/\/wahy.eu\/product\/dekorativny-kvetinac-velky-500x500x1100mm\/#primaryimage\"},\"datePublished\":\"2022-10-24T10:01:56+00:00\",\"dateModified\":\"2026-03-02T12:38:16+00:00\",\"description\":\"Ve\u013ek\u00fd ozdobn\u00fd, alebo reklamn\u00fd kvetin\u00e1\u010d. Kamenn\u00fd efekt so vzorom pod\u013ea vlastn\u00e9ho n\u00e1vrhu (ozdobn\u00e9 obr\u00e1zky aj pod\u013ea fotografie, erby, log\u00e1, firemn\u00e9 reklamy, mestsk\u00e9 znaky at\u010f.)\",\"breadcrumb\":{\"@id\":\"https:\/\/wahy.eu\/product\/dekorativny-kvetinac-velky-500x500x1100mm\/#breadcrumb\"},\"inLanguage\":\"en-US\",\"potentialAction\":[{\"@type\":\"ReadAction\",\"target\":[\"https:\/\/wahy.eu\/product\/dekorativny-kvetinac-velky-500x500x1100mm\/\"]}]},{\"@type\":\"BreadcrumbList\",\"@id\":\"https:\/\/wahy.eu\/product\/dekorativny-kvetinac-velky-500x500x1100mm\/#breadcrumb\",\"itemListElement\":[{\"@type\":\"ListItem\",\"position\":1,\"name\":\"Home\",\"item\":\"https:\/\/wahy.eu\/\"},{\"@type\":\"ListItem\",\"position\":2,\"name\":\"E-shop\",\"item\":\"https:\/\/wahy.eu\/shop\/\"},{\"@type\":\"ListItem\",\"position\":3,\"name\":\"Dekorat\u00edvny kvetin\u00e1\u010d ve\u013ek\u00fd 500x500x1000mm\"}]}]}<\/script>\n<!-- \/ Yoast SEO plugin. -->","yoast_head_json":{"title":"Dekorat\u00edvny kvetin\u00e1\u010d ve\u013ek\u00fd 500x500x1000mm - Wahy","description":"Ve\u013ek\u00fd ozdobn\u00fd, alebo reklamn\u00fd kvetin\u00e1\u010d. Kamenn\u00fd efekt so vzorom pod\u013ea vlastn\u00e9ho n\u00e1vrhu (ozdobn\u00e9 obr\u00e1zky aj pod\u013ea fotografie, erby, log\u00e1, firemn\u00e9 reklamy, mestsk\u00e9 znaky at\u010f.)","robots":{"index":"index","follow":"follow","max-snippet":"max-snippet:-1","max-image-preview":"max-image-preview:large","max-video-preview":"max-video-preview:-1"},"canonical":"https:\/\/wahy.eu\/en\/product\/dekorativny-kvetinac-velky-500x500x1100mm\/","og_locale":"en_US","og_type":"article","og_title":"Dekorat\u00edvny kvetin\u00e1\u010d ve\u013ek\u00fd 500x500x1000mm - Wahy","og_description":"Ve\u013ek\u00fd ozdobn\u00fd, alebo reklamn\u00fd kvetin\u00e1\u010d. Kamenn\u00fd efekt so vzorom pod\u013ea vlastn\u00e9ho n\u00e1vrhu (ozdobn\u00e9 obr\u00e1zky aj pod\u013ea fotografie, erby, log\u00e1, firemn\u00e9 reklamy, mestsk\u00e9 znaky at\u010f.)","og_url":"https:\/\/wahy.eu\/en\/product\/dekorativny-kvetinac-velky-500x500x1100mm\/","og_site_name":"Wahy","article_modified_time":"2026-03-02T12:38:16+00:00","og_image":[{"width":429,"height":640,"url":"https:\/\/wahy.eu\/wp-content\/uploads\/2022\/10\/IMG_4756.jpg","type":"image\/jpeg"}],"author":"wahysro","twitter_card":"summary_large_image","schema":{"@context":"https:\/\/schema.org","@graph":[{"@type":"WebSite","@id":"https:\/\/wahy.eu\/#website","url":"https:\/\/wahy.eu\/","name":"Wahy","description":"","potentialAction":[{"@type":"SearchAction","target":{"@type":"EntryPoint","urlTemplate":"https:\/\/wahy.eu\/?s={search_term_string}"},"query-input":"required name=search_term_string"}],"inLanguage":"en-US"},{"@type":"ImageObject","inLanguage":"en-US","@id":"https:\/\/wahy.eu\/product\/dekorativny-kvetinac-velky-500x500x1100mm\/#primaryimage","url":"https:\/\/wahy.eu\/wp-content\/uploads\/2022\/10\/IMG_4756.jpg","contentUrl":"https:\/\/wahy.eu\/wp-content\/uploads\/2022\/10\/IMG_4756.jpg","width":429,"height":640,"caption":"sala\u0161"},{"@type":"WebPage","@id":"https:\/\/wahy.eu\/product\/dekorativny-kvetinac-velky-500x500x1100mm\/#webpage","url":"https:\/\/wahy.eu\/product\/dekorativny-kvetinac-velky-500x500x1100mm\/","name":"Dekorat\u00edvny kvetin\u00e1\u010d ve\u013ek\u00fd 500x500x1000mm - Wahy","isPartOf":{"@id":"https:\/\/wahy.eu\/#website"},"primaryImageOfPage":{"@id":"https:\/\/wahy.eu\/product\/dekorativny-kvetinac-velky-500x500x1100mm\/#primaryimage"},"datePublished":"2022-10-24T10:01:56+00:00","dateModified":"2026-03-02T12:38:16+00:00","description":"Ve\u013ek\u00fd ozdobn\u00fd, alebo reklamn\u00fd kvetin\u00e1\u010d. Kamenn\u00fd efekt so vzorom pod\u013ea vlastn\u00e9ho n\u00e1vrhu (ozdobn\u00e9 obr\u00e1zky aj pod\u013ea fotografie, erby, log\u00e1, firemn\u00e9 reklamy, mestsk\u00e9 znaky at\u010f.)","breadcrumb":{"@id":"https:\/\/wahy.eu\/product\/dekorativny-kvetinac-velky-500x500x1100mm\/#breadcrumb"},"inLanguage":"en-US","potentialAction":[{"@type":"ReadAction","target":["https:\/\/wahy.eu\/product\/dekorativny-kvetinac-velky-500x500x1100mm\/"]}]},{"@type":"BreadcrumbList","@id":"https:\/\/wahy.eu\/product\/dekorativny-kvetinac-velky-500x500x1100mm\/#breadcrumb","itemListElement":[{"@type":"ListItem","position":1,"name":"Home","item":"https:\/\/wahy.eu\/"},{"@type":"ListItem","position":2,"name":"E-shop","item":"https:\/\/wahy.eu\/shop\/"},{"@type":"ListItem","position":3,"name":"Dekorat\u00edvny kvetin\u00e1\u010d ve\u013ek\u00fd 500x500x1000mm"}]}]}},"_links":{"self":[{"href":"https:\/\/wahy.eu\/en\/wp-json\/wp\/v2\/product\/1362"}],"collection":[{"href":"https:\/\/wahy.eu\/en\/wp-json\/wp\/v2\/product"}],"about":[{"href":"https:\/\/wahy.eu\/en\/wp-json\/wp\/v2\/types\/product"}],"wp:featuredmedia":[{"embeddable":true,"href":"https:\/\/wahy.eu\/en\/wp-json\/wp\/v2\/media\/1687"}],"wp:attachment":[{"href":"https:\/\/wahy.eu\/en\/wp-json\/wp\/v2\/media?parent=1362"}],"wp:term":[{"taxonomy":"product_cat","embeddable":true,"href":"https:\/\/wahy.eu\/en\/wp-json\/wp\/v2\/product_cat?post=1362"},{"taxonomy":"product_tag","embeddable":true,"href":"https:\/\/wahy.eu\/en\/wp-json\/wp\/v2\/product_tag?post=1362"}],"curies":[{"name":"wp","href":"https:\/\/api.w.org\/{rel}","templated":true}]}}