{"id":1692,"date":"2023-06-08T09:18:24","date_gmt":"2023-06-08T09:18:24","guid":{"rendered":"https:\/\/wahy.eu\/?post_type=product&#038;p=1692"},"modified":"2023-09-17T13:28:04","modified_gmt":"2023-09-17T13:28:04","slug":"leonardo-da-vinci-salvator-mundi","status":"publish","type":"product","link":"https:\/\/wahy.eu\/en\/product\/leonardo-da-vinci-salvator-mundi\/","title":{"rendered":"Leonardo da Vinci: Salvator Mundi"},"content":{"rendered":"","protected":false},"excerpt":{"rendered":"","protected":false},"featured_media":1731,"template":"","meta":{"_monsterinsights_skip_tracking":false,"_monsterinsights_sitenote_active":false,"_monsterinsights_sitenote_note":"","_monsterinsights_sitenote_category":0},"product_cat":[107],"product_tag":[],"yoast_head":"<!-- This site is optimized with the Yoast SEO plugin v19.2 - https:\/\/yoast.com\/wordpress\/plugins\/seo\/ -->\n<title>Leonardo da Vinci: Salvator Mundi - Wahy<\/title>\n<meta name=\"description\" content=\"Zn\u00e1me umeleck\u00e9 diela pretvoren\u00e9 do 3D stenov\u00e9ho obkladu. Picasov Still life, Old Guitarist alebo najdrah\u0161\u00ed vo\u013enopredajn\u00fd obraz na svete od Leonarda da Vinci : Salvator Mundi\" \/>\n<meta name=\"robots\" content=\"index, follow, max-snippet:-1, max-image-preview:large, max-video-preview:-1\" \/>\n<link rel=\"canonical\" href=\"https:\/\/wahy.eu\/en\/product\/leonardo-da-vinci-salvator-mundi\/\" \/>\n<meta property=\"og:locale\" content=\"en_US\" \/>\n<meta property=\"og:type\" content=\"article\" \/>\n<meta property=\"og:title\" content=\"Leonardo da Vinci: Salvator Mundi - Wahy\" \/>\n<meta property=\"og:description\" content=\"Zn\u00e1me umeleck\u00e9 diela pretvoren\u00e9 do 3D stenov\u00e9ho obkladu. Picasov Still life, Old Guitarist alebo najdrah\u0161\u00ed vo\u013enopredajn\u00fd obraz na svete od Leonarda da Vinci : Salvator Mundi\" \/>\n<meta property=\"og:url\" content=\"https:\/\/wahy.eu\/en\/product\/leonardo-da-vinci-salvator-mundi\/\" \/>\n<meta property=\"og:site_name\" content=\"Wahy\" \/>\n<meta property=\"article:modified_time\" content=\"2023-09-17T13:28:04+00:00\" \/>\n<meta property=\"og:image\" content=\"https:\/\/wahy.eu\/wp-content\/uploads\/2023\/09\/Da-Vinci-Salvator-mundi.jpg\" \/>\n\t<meta property=\"og:image:width\" content=\"662\" \/>\n\t<meta property=\"og:image:height\" content=\"1000\" \/>\n\t<meta property=\"og:image:type\" content=\"image\/jpeg\" \/>\n<meta name=\"author\" content=\"wahysro\" \/>\n<meta name=\"twitter:card\" content=\"summary_large_image\" \/>\n<script type=\"application\/ld+json\" class=\"yoast-schema-graph\">{\"@context\":\"https:\/\/schema.org\",\"@graph\":[{\"@type\":\"WebSite\",\"@id\":\"https:\/\/wahy.eu\/#website\",\"url\":\"https:\/\/wahy.eu\/\",\"name\":\"Wahy\",\"description\":\"\",\"potentialAction\":[{\"@type\":\"SearchAction\",\"target\":{\"@type\":\"EntryPoint\",\"urlTemplate\":\"https:\/\/wahy.eu\/?s={search_term_string}\"},\"query-input\":\"required name=search_term_string\"}],\"inLanguage\":\"en-US\"},{\"@type\":\"ImageObject\",\"inLanguage\":\"en-US\",\"@id\":\"https:\/\/wahy.eu\/product\/leonardo-da-vinci-salvator-mundi\/#primaryimage\",\"url\":\"https:\/\/wahy.eu\/wp-content\/uploads\/2023\/09\/Da-Vinci-Salvator-mundi.jpg\",\"contentUrl\":\"https:\/\/wahy.eu\/wp-content\/uploads\/2023\/09\/Da-Vinci-Salvator-mundi.jpg\",\"width\":662,\"height\":1000,\"caption\":\"Da Vinci-Salvator mundi\"},{\"@type\":\"WebPage\",\"@id\":\"https:\/\/wahy.eu\/product\/leonardo-da-vinci-salvator-mundi\/#webpage\",\"url\":\"https:\/\/wahy.eu\/product\/leonardo-da-vinci-salvator-mundi\/\",\"name\":\"Leonardo da Vinci: Salvator Mundi - Wahy\",\"isPartOf\":{\"@id\":\"https:\/\/wahy.eu\/#website\"},\"primaryImageOfPage\":{\"@id\":\"https:\/\/wahy.eu\/product\/leonardo-da-vinci-salvator-mundi\/#primaryimage\"},\"datePublished\":\"2023-06-08T09:18:24+00:00\",\"dateModified\":\"2023-09-17T13:28:04+00:00\",\"description\":\"Zn\u00e1me umeleck\u00e9 diela pretvoren\u00e9 do 3D stenov\u00e9ho obkladu. Picasov Still life, Old Guitarist alebo najdrah\u0161\u00ed vo\u013enopredajn\u00fd obraz na svete od Leonarda da Vinci : Salvator Mundi\",\"breadcrumb\":{\"@id\":\"https:\/\/wahy.eu\/product\/leonardo-da-vinci-salvator-mundi\/#breadcrumb\"},\"inLanguage\":\"en-US\",\"potentialAction\":[{\"@type\":\"ReadAction\",\"target\":[\"https:\/\/wahy.eu\/product\/leonardo-da-vinci-salvator-mundi\/\"]}]},{\"@type\":\"BreadcrumbList\",\"@id\":\"https:\/\/wahy.eu\/product\/leonardo-da-vinci-salvator-mundi\/#breadcrumb\",\"itemListElement\":[{\"@type\":\"ListItem\",\"position\":1,\"name\":\"Home\",\"item\":\"https:\/\/wahy.eu\/\"},{\"@type\":\"ListItem\",\"position\":2,\"name\":\"E-shop\",\"item\":\"https:\/\/wahy.eu\/shop\/\"},{\"@type\":\"ListItem\",\"position\":3,\"name\":\"Leonardo da Vinci: Salvator Mundi\"}]}]}<\/script>\n<!-- \/ Yoast SEO plugin. -->","yoast_head_json":{"title":"Leonardo da Vinci: Salvator Mundi - Wahy","description":"Zn\u00e1me umeleck\u00e9 diela pretvoren\u00e9 do 3D stenov\u00e9ho obkladu. Picasov Still life, Old Guitarist alebo najdrah\u0161\u00ed vo\u013enopredajn\u00fd obraz na svete od Leonarda da Vinci : Salvator Mundi","robots":{"index":"index","follow":"follow","max-snippet":"max-snippet:-1","max-image-preview":"max-image-preview:large","max-video-preview":"max-video-preview:-1"},"canonical":"https:\/\/wahy.eu\/en\/product\/leonardo-da-vinci-salvator-mundi\/","og_locale":"en_US","og_type":"article","og_title":"Leonardo da Vinci: Salvator Mundi - Wahy","og_description":"Zn\u00e1me umeleck\u00e9 diela pretvoren\u00e9 do 3D stenov\u00e9ho obkladu. Picasov Still life, Old Guitarist alebo najdrah\u0161\u00ed vo\u013enopredajn\u00fd obraz na svete od Leonarda da Vinci : Salvator Mundi","og_url":"https:\/\/wahy.eu\/en\/product\/leonardo-da-vinci-salvator-mundi\/","og_site_name":"Wahy","article_modified_time":"2023-09-17T13:28:04+00:00","og_image":[{"width":662,"height":1000,"url":"https:\/\/wahy.eu\/wp-content\/uploads\/2023\/09\/Da-Vinci-Salvator-mundi.jpg","type":"image\/jpeg"}],"author":"wahysro","twitter_card":"summary_large_image","schema":{"@context":"https:\/\/schema.org","@graph":[{"@type":"WebSite","@id":"https:\/\/wahy.eu\/#website","url":"https:\/\/wahy.eu\/","name":"Wahy","description":"","potentialAction":[{"@type":"SearchAction","target":{"@type":"EntryPoint","urlTemplate":"https:\/\/wahy.eu\/?s={search_term_string}"},"query-input":"required name=search_term_string"}],"inLanguage":"en-US"},{"@type":"ImageObject","inLanguage":"en-US","@id":"https:\/\/wahy.eu\/product\/leonardo-da-vinci-salvator-mundi\/#primaryimage","url":"https:\/\/wahy.eu\/wp-content\/uploads\/2023\/09\/Da-Vinci-Salvator-mundi.jpg","contentUrl":"https:\/\/wahy.eu\/wp-content\/uploads\/2023\/09\/Da-Vinci-Salvator-mundi.jpg","width":662,"height":1000,"caption":"Da Vinci-Salvator mundi"},{"@type":"WebPage","@id":"https:\/\/wahy.eu\/product\/leonardo-da-vinci-salvator-mundi\/#webpage","url":"https:\/\/wahy.eu\/product\/leonardo-da-vinci-salvator-mundi\/","name":"Leonardo da Vinci: Salvator Mundi - Wahy","isPartOf":{"@id":"https:\/\/wahy.eu\/#website"},"primaryImageOfPage":{"@id":"https:\/\/wahy.eu\/product\/leonardo-da-vinci-salvator-mundi\/#primaryimage"},"datePublished":"2023-06-08T09:18:24+00:00","dateModified":"2023-09-17T13:28:04+00:00","description":"Zn\u00e1me umeleck\u00e9 diela pretvoren\u00e9 do 3D stenov\u00e9ho obkladu. Picasov Still life, Old Guitarist alebo najdrah\u0161\u00ed vo\u013enopredajn\u00fd obraz na svete od Leonarda da Vinci : Salvator Mundi","breadcrumb":{"@id":"https:\/\/wahy.eu\/product\/leonardo-da-vinci-salvator-mundi\/#breadcrumb"},"inLanguage":"en-US","potentialAction":[{"@type":"ReadAction","target":["https:\/\/wahy.eu\/product\/leonardo-da-vinci-salvator-mundi\/"]}]},{"@type":"BreadcrumbList","@id":"https:\/\/wahy.eu\/product\/leonardo-da-vinci-salvator-mundi\/#breadcrumb","itemListElement":[{"@type":"ListItem","position":1,"name":"Home","item":"https:\/\/wahy.eu\/"},{"@type":"ListItem","position":2,"name":"E-shop","item":"https:\/\/wahy.eu\/shop\/"},{"@type":"ListItem","position":3,"name":"Leonardo da Vinci: Salvator Mundi"}]}]}},"_links":{"self":[{"href":"https:\/\/wahy.eu\/en\/wp-json\/wp\/v2\/product\/1692"}],"collection":[{"href":"https:\/\/wahy.eu\/en\/wp-json\/wp\/v2\/product"}],"about":[{"href":"https:\/\/wahy.eu\/en\/wp-json\/wp\/v2\/types\/product"}],"wp:featuredmedia":[{"embeddable":true,"href":"https:\/\/wahy.eu\/en\/wp-json\/wp\/v2\/media\/1731"}],"wp:attachment":[{"href":"https:\/\/wahy.eu\/en\/wp-json\/wp\/v2\/media?parent=1692"}],"wp:term":[{"taxonomy":"product_cat","embeddable":true,"href":"https:\/\/wahy.eu\/en\/wp-json\/wp\/v2\/product_cat?post=1692"},{"taxonomy":"product_tag","embeddable":true,"href":"https:\/\/wahy.eu\/en\/wp-json\/wp\/v2\/product_tag?post=1692"}],"curies":[{"name":"wp","href":"https:\/\/api.w.org\/{rel}","templated":true}]}}