{"id":1746,"date":"2023-09-17T13:31:15","date_gmt":"2023-09-17T13:31:15","guid":{"rendered":"https:\/\/wahy.eu\/?post_type=product&#038;p=1746"},"modified":"2026-03-02T12:43:54","modified_gmt":"2026-03-02T12:43:54","slug":"pablo-picasso-still-life","status":"publish","type":"product","link":"https:\/\/wahy.eu\/en\/product\/pablo-picasso-still-life\/","title":{"rendered":"Pablo Picasso : Still Life"},"content":{"rendered":"","protected":false},"excerpt":{"rendered":"<p>The PICTURE is created on the basis of flex-cement, reinforced glass with ceramic mesh, hand-painted and treated with stone varnish. Dimensions: 430x650x30-40mm. It is part of the wall covering (all or part of it - according to the request and agreement with the customer)<\/p>\n<p>OBKLAD , v\u010detne ,,r\u00e1mu&#8220; obrazu, kamenn\u00fdch vzorov s pr\u00edpadnou\u00a0 kombin\u00e1ciou s omietkou, hr\u00fabky 20-80mm je navrhnut\u00fd pod\u013ea\u00a0 priania z\u00e1kazn\u00edka.<\/p>\n<p>ASSEMBLY consists in assembling the pre-made parts and gluing them with construction adhesive to the prepared wall. It is simple and fast, so the price of delivery and assembly depends mainly on the distance from the place of production.<\/p>\n<p>&nbsp;<\/p>\n<p>rozmery<\/p>","protected":false},"featured_media":1732,"template":"","meta":{"_monsterinsights_skip_tracking":false,"_monsterinsights_sitenote_active":false,"_monsterinsights_sitenote_note":"","_monsterinsights_sitenote_category":0},"product_cat":[107],"product_tag":[],"yoast_head":"<!-- This site is optimized with the Yoast SEO plugin v19.2 - https:\/\/yoast.com\/wordpress\/plugins\/seo\/ -->\n<title>Pablo Picasso : Still Life - Wahy<\/title>\n<meta name=\"description\" content=\"Tento \u0161t\u00fdl v tzv. WALL ART (stenov\u00e9 umenie) predstavuje nov\u00fd trend vo svete dizajnu a dekor\u00e1cie interi\u00e9ru aj exteri\u00e9ru. Jedine\u010dn\u00fd je t\u00fdm, \u017ee vytvoren\u00e9 obrazy s\u00fa zabudovan\u00e9 v stene a spl\u00fdvaj\u00fa s kamenn\u00fdm obkladom - tvoria jeden origin\u00e1lny celok. M\u00e1lokto si m\u00f4\u017ee dovoli\u0165 k\u00fapi\u0165 origin\u00e1l diela od Leonarda da Vinci, Klimta, Muchu \u010di Picassa , Toto je mo\u017enos\u0165, ako si do svojich domovou zabudova\u0165 diela aj tak\u00fdchto sl\u00e1vnych umelcov. Pre pote\u0161enie svoje, alebo aj ako dar pre svojich bl\u00edzkych a v neposlednom rade je to aj sp\u00f4sob, ako si zv\u00fd\u0161i\u0165 hodnotu va\u0161ich nemovitosti.\" \/>\n<meta name=\"robots\" content=\"index, follow, max-snippet:-1, max-image-preview:large, max-video-preview:-1\" \/>\n<link rel=\"canonical\" href=\"https:\/\/wahy.eu\/en\/product\/pablo-picasso-still-life\/\" \/>\n<meta property=\"og:locale\" content=\"en_US\" \/>\n<meta property=\"og:type\" content=\"article\" \/>\n<meta property=\"og:title\" content=\"Pablo Picasso : Still Life - Wahy\" \/>\n<meta property=\"og:description\" content=\"Tento \u0161t\u00fdl v tzv. WALL ART (stenov\u00e9 umenie) predstavuje nov\u00fd trend vo svete dizajnu a dekor\u00e1cie interi\u00e9ru aj exteri\u00e9ru. Jedine\u010dn\u00fd je t\u00fdm, \u017ee vytvoren\u00e9 obrazy s\u00fa zabudovan\u00e9 v stene a spl\u00fdvaj\u00fa s kamenn\u00fdm obkladom - tvoria jeden origin\u00e1lny celok. M\u00e1lokto si m\u00f4\u017ee dovoli\u0165 k\u00fapi\u0165 origin\u00e1l diela od Leonarda da Vinci, Klimta, Muchu \u010di Picassa , Toto je mo\u017enos\u0165, ako si do svojich domovou zabudova\u0165 diela aj tak\u00fdchto sl\u00e1vnych umelcov. Pre pote\u0161enie svoje, alebo aj ako dar pre svojich bl\u00edzkych a v neposlednom rade je to aj sp\u00f4sob, ako si zv\u00fd\u0161i\u0165 hodnotu va\u0161ich nemovitosti.\" \/>\n<meta property=\"og:url\" content=\"https:\/\/wahy.eu\/en\/product\/pablo-picasso-still-life\/\" \/>\n<meta property=\"og:site_name\" content=\"Wahy\" \/>\n<meta property=\"article:modified_time\" content=\"2026-03-02T12:43:54+00:00\" \/>\n<meta property=\"og:image\" content=\"https:\/\/wahy.eu\/wp-content\/uploads\/2023\/09\/Still-Life.jpg\" \/>\n\t<meta property=\"og:image:width\" content=\"746\" \/>\n\t<meta property=\"og:image:height\" content=\"1000\" \/>\n\t<meta property=\"og:image:type\" content=\"image\/jpeg\" \/>\n<meta name=\"author\" content=\"wahysro\" \/>\n<meta name=\"twitter:card\" content=\"summary_large_image\" \/>\n<script type=\"application\/ld+json\" class=\"yoast-schema-graph\">{\"@context\":\"https:\/\/schema.org\",\"@graph\":[{\"@type\":\"WebSite\",\"@id\":\"https:\/\/wahy.eu\/#website\",\"url\":\"https:\/\/wahy.eu\/\",\"name\":\"Wahy\",\"description\":\"\",\"potentialAction\":[{\"@type\":\"SearchAction\",\"target\":{\"@type\":\"EntryPoint\",\"urlTemplate\":\"https:\/\/wahy.eu\/?s={search_term_string}\"},\"query-input\":\"required name=search_term_string\"}],\"inLanguage\":\"en-US\"},{\"@type\":\"ImageObject\",\"inLanguage\":\"en-US\",\"@id\":\"https:\/\/wahy.eu\/product\/pablo-picasso-still-life\/#primaryimage\",\"url\":\"https:\/\/wahy.eu\/wp-content\/uploads\/2023\/09\/Still-Life.jpg\",\"contentUrl\":\"https:\/\/wahy.eu\/wp-content\/uploads\/2023\/09\/Still-Life.jpg\",\"width\":746,\"height\":1000},{\"@type\":\"WebPage\",\"@id\":\"https:\/\/wahy.eu\/product\/pablo-picasso-still-life\/#webpage\",\"url\":\"https:\/\/wahy.eu\/product\/pablo-picasso-still-life\/\",\"name\":\"Pablo Picasso : Still Life - Wahy\",\"isPartOf\":{\"@id\":\"https:\/\/wahy.eu\/#website\"},\"primaryImageOfPage\":{\"@id\":\"https:\/\/wahy.eu\/product\/pablo-picasso-still-life\/#primaryimage\"},\"datePublished\":\"2023-09-17T13:31:15+00:00\",\"dateModified\":\"2026-03-02T12:43:54+00:00\",\"description\":\"Tento \u0161t\u00fdl v tzv. WALL ART (stenov\u00e9 umenie) predstavuje nov\u00fd trend vo svete dizajnu a dekor\u00e1cie interi\u00e9ru aj exteri\u00e9ru. Jedine\u010dn\u00fd je t\u00fdm, \u017ee vytvoren\u00e9 obrazy s\u00fa zabudovan\u00e9 v stene a spl\u00fdvaj\u00fa s kamenn\u00fdm obkladom - tvoria jeden origin\u00e1lny celok. M\u00e1lokto si m\u00f4\u017ee dovoli\u0165 k\u00fapi\u0165 origin\u00e1l diela od Leonarda da Vinci, Klimta, Muchu \u010di Picassa , Toto je mo\u017enos\u0165, ako si do svojich domovou zabudova\u0165 diela aj tak\u00fdchto sl\u00e1vnych umelcov. Pre pote\u0161enie svoje, alebo aj ako dar pre svojich bl\u00edzkych a v neposlednom rade je to aj sp\u00f4sob, ako si zv\u00fd\u0161i\u0165 hodnotu va\u0161ich nemovitosti.\",\"breadcrumb\":{\"@id\":\"https:\/\/wahy.eu\/product\/pablo-picasso-still-life\/#breadcrumb\"},\"inLanguage\":\"en-US\",\"potentialAction\":[{\"@type\":\"ReadAction\",\"target\":[\"https:\/\/wahy.eu\/product\/pablo-picasso-still-life\/\"]}]},{\"@type\":\"BreadcrumbList\",\"@id\":\"https:\/\/wahy.eu\/product\/pablo-picasso-still-life\/#breadcrumb\",\"itemListElement\":[{\"@type\":\"ListItem\",\"position\":1,\"name\":\"Home\",\"item\":\"https:\/\/wahy.eu\/\"},{\"@type\":\"ListItem\",\"position\":2,\"name\":\"E-shop\",\"item\":\"https:\/\/wahy.eu\/shop\/\"},{\"@type\":\"ListItem\",\"position\":3,\"name\":\"Pablo Picasso : Still Life\"}]}]}<\/script>\n<!-- \/ Yoast SEO plugin. -->","yoast_head_json":{"title":"Pablo Picasso : Still Life - Wahy","description":"Tento \u0161t\u00fdl v tzv. WALL ART (stenov\u00e9 umenie) predstavuje nov\u00fd trend vo svete dizajnu a dekor\u00e1cie interi\u00e9ru aj exteri\u00e9ru. Jedine\u010dn\u00fd je t\u00fdm, \u017ee vytvoren\u00e9 obrazy s\u00fa zabudovan\u00e9 v stene a spl\u00fdvaj\u00fa s kamenn\u00fdm obkladom - tvoria jeden origin\u00e1lny celok. M\u00e1lokto si m\u00f4\u017ee dovoli\u0165 k\u00fapi\u0165 origin\u00e1l diela od Leonarda da Vinci, Klimta, Muchu \u010di Picassa , Toto je mo\u017enos\u0165, ako si do svojich domovou zabudova\u0165 diela aj tak\u00fdchto sl\u00e1vnych umelcov. Pre pote\u0161enie svoje, alebo aj ako dar pre svojich bl\u00edzkych a v neposlednom rade je to aj sp\u00f4sob, ako si zv\u00fd\u0161i\u0165 hodnotu va\u0161ich nemovitosti.","robots":{"index":"index","follow":"follow","max-snippet":"max-snippet:-1","max-image-preview":"max-image-preview:large","max-video-preview":"max-video-preview:-1"},"canonical":"https:\/\/wahy.eu\/en\/product\/pablo-picasso-still-life\/","og_locale":"en_US","og_type":"article","og_title":"Pablo Picasso : Still Life - Wahy","og_description":"Tento \u0161t\u00fdl v tzv. WALL ART (stenov\u00e9 umenie) predstavuje nov\u00fd trend vo svete dizajnu a dekor\u00e1cie interi\u00e9ru aj exteri\u00e9ru. Jedine\u010dn\u00fd je t\u00fdm, \u017ee vytvoren\u00e9 obrazy s\u00fa zabudovan\u00e9 v stene a spl\u00fdvaj\u00fa s kamenn\u00fdm obkladom - tvoria jeden origin\u00e1lny celok. M\u00e1lokto si m\u00f4\u017ee dovoli\u0165 k\u00fapi\u0165 origin\u00e1l diela od Leonarda da Vinci, Klimta, Muchu \u010di Picassa , Toto je mo\u017enos\u0165, ako si do svojich domovou zabudova\u0165 diela aj tak\u00fdchto sl\u00e1vnych umelcov. Pre pote\u0161enie svoje, alebo aj ako dar pre svojich bl\u00edzkych a v neposlednom rade je to aj sp\u00f4sob, ako si zv\u00fd\u0161i\u0165 hodnotu va\u0161ich nemovitosti.","og_url":"https:\/\/wahy.eu\/en\/product\/pablo-picasso-still-life\/","og_site_name":"Wahy","article_modified_time":"2026-03-02T12:43:54+00:00","og_image":[{"width":746,"height":1000,"url":"https:\/\/wahy.eu\/wp-content\/uploads\/2023\/09\/Still-Life.jpg","type":"image\/jpeg"}],"author":"wahysro","twitter_card":"summary_large_image","schema":{"@context":"https:\/\/schema.org","@graph":[{"@type":"WebSite","@id":"https:\/\/wahy.eu\/#website","url":"https:\/\/wahy.eu\/","name":"Wahy","description":"","potentialAction":[{"@type":"SearchAction","target":{"@type":"EntryPoint","urlTemplate":"https:\/\/wahy.eu\/?s={search_term_string}"},"query-input":"required name=search_term_string"}],"inLanguage":"en-US"},{"@type":"ImageObject","inLanguage":"en-US","@id":"https:\/\/wahy.eu\/product\/pablo-picasso-still-life\/#primaryimage","url":"https:\/\/wahy.eu\/wp-content\/uploads\/2023\/09\/Still-Life.jpg","contentUrl":"https:\/\/wahy.eu\/wp-content\/uploads\/2023\/09\/Still-Life.jpg","width":746,"height":1000},{"@type":"WebPage","@id":"https:\/\/wahy.eu\/product\/pablo-picasso-still-life\/#webpage","url":"https:\/\/wahy.eu\/product\/pablo-picasso-still-life\/","name":"Pablo Picasso : Still Life - Wahy","isPartOf":{"@id":"https:\/\/wahy.eu\/#website"},"primaryImageOfPage":{"@id":"https:\/\/wahy.eu\/product\/pablo-picasso-still-life\/#primaryimage"},"datePublished":"2023-09-17T13:31:15+00:00","dateModified":"2026-03-02T12:43:54+00:00","description":"Tento \u0161t\u00fdl v tzv. WALL ART (stenov\u00e9 umenie) predstavuje nov\u00fd trend vo svete dizajnu a dekor\u00e1cie interi\u00e9ru aj exteri\u00e9ru. Jedine\u010dn\u00fd je t\u00fdm, \u017ee vytvoren\u00e9 obrazy s\u00fa zabudovan\u00e9 v stene a spl\u00fdvaj\u00fa s kamenn\u00fdm obkladom - tvoria jeden origin\u00e1lny celok. M\u00e1lokto si m\u00f4\u017ee dovoli\u0165 k\u00fapi\u0165 origin\u00e1l diela od Leonarda da Vinci, Klimta, Muchu \u010di Picassa , Toto je mo\u017enos\u0165, ako si do svojich domovou zabudova\u0165 diela aj tak\u00fdchto sl\u00e1vnych umelcov. Pre pote\u0161enie svoje, alebo aj ako dar pre svojich bl\u00edzkych a v neposlednom rade je to aj sp\u00f4sob, ako si zv\u00fd\u0161i\u0165 hodnotu va\u0161ich nemovitosti.","breadcrumb":{"@id":"https:\/\/wahy.eu\/product\/pablo-picasso-still-life\/#breadcrumb"},"inLanguage":"en-US","potentialAction":[{"@type":"ReadAction","target":["https:\/\/wahy.eu\/product\/pablo-picasso-still-life\/"]}]},{"@type":"BreadcrumbList","@id":"https:\/\/wahy.eu\/product\/pablo-picasso-still-life\/#breadcrumb","itemListElement":[{"@type":"ListItem","position":1,"name":"Home","item":"https:\/\/wahy.eu\/"},{"@type":"ListItem","position":2,"name":"E-shop","item":"https:\/\/wahy.eu\/shop\/"},{"@type":"ListItem","position":3,"name":"Pablo Picasso : Still Life"}]}]}},"_links":{"self":[{"href":"https:\/\/wahy.eu\/en\/wp-json\/wp\/v2\/product\/1746"}],"collection":[{"href":"https:\/\/wahy.eu\/en\/wp-json\/wp\/v2\/product"}],"about":[{"href":"https:\/\/wahy.eu\/en\/wp-json\/wp\/v2\/types\/product"}],"wp:featuredmedia":[{"embeddable":true,"href":"https:\/\/wahy.eu\/en\/wp-json\/wp\/v2\/media\/1732"}],"wp:attachment":[{"href":"https:\/\/wahy.eu\/en\/wp-json\/wp\/v2\/media?parent=1746"}],"wp:term":[{"taxonomy":"product_cat","embeddable":true,"href":"https:\/\/wahy.eu\/en\/wp-json\/wp\/v2\/product_cat?post=1746"},{"taxonomy":"product_tag","embeddable":true,"href":"https:\/\/wahy.eu\/en\/wp-json\/wp\/v2\/product_tag?post=1746"}],"curies":[{"name":"wp","href":"https:\/\/api.w.org\/{rel}","templated":true}]}}